{"id":2080,"date":"2023-07-03T22:41:15","date_gmt":"2023-07-03T22:41:15","guid":{"rendered":"https:\/\/esta-poznan.pl\/?page_id=2080"},"modified":"2026-04-29T08:32:24","modified_gmt":"2026-04-29T08:32:24","slug":"nadzor-bhp","status":"publish","type":"page","link":"https:\/\/esta-poznan.pl\/index.php\/nadzor-bhp\/","title":{"rendered":"Nadz\u00f3r BHP"},"content":{"rendered":"\t\t<div data-elementor-type=\"wp-page\" data-elementor-id=\"2080\" class=\"elementor elementor-2080\">\n\t\t\t\t\t\t\t\t\t<section class=\"elementor-section elementor-top-section elementor-element elementor-element-062ad1a elementor-section-full_width elementor-section-height-min-height elementor-section-items-stretch elementor-section-content-top elementor-section-height-default\" data-id=\"062ad1a\" data-element_type=\"section\" data-settings=\"{&quot;background_background&quot;:&quot;classic&quot;}\">\n\t\t\t\t\t\t\t<div class=\"elementor-background-overlay\"><\/div>\n\t\t\t\t\t\t\t<div class=\"elementor-container elementor-column-gap-default\">\n\t\t\t\t\t<div class=\"elementor-column elementor-col-100 elementor-top-column elementor-element elementor-element-270f54c\" data-id=\"270f54c\" data-element_type=\"column\" data-settings=\"{&quot;background_background&quot;:&quot;classic&quot;}\">\n\t\t\t<div class=\"elementor-widget-wrap elementor-element-populated\">\n\t\t\t\t\t\t\t\t<div class=\"elementor-element elementor-element-9dd065b elementor-widget elementor-widget-heading\" data-id=\"9dd065b\" data-element_type=\"widget\" data-widget_type=\"heading.default\">\n\t\t\t\t<div class=\"elementor-widget-container\">\n\t\t\t<style>\/*! elementor - v3.7.4 - 31-08-2022 *\/\n.elementor-heading-title{padding:0;margin:0;line-height:1}.elementor-widget-heading .elementor-heading-title[class*=elementor-size-]>a{color:inherit;font-size:inherit;line-height:inherit}.elementor-widget-heading .elementor-heading-title.elementor-size-small{font-size:15px}.elementor-widget-heading .elementor-heading-title.elementor-size-medium{font-size:19px}.elementor-widget-heading .elementor-heading-title.elementor-size-large{font-size:29px}.elementor-widget-heading .elementor-heading-title.elementor-size-xl{font-size:39px}.elementor-widget-heading .elementor-heading-title.elementor-size-xxl{font-size:59px}<\/style><h1 class=\"elementor-heading-title elementor-size-default\">Nadz\u00f3r BHP<\/h1>\t\t<\/div>\n\t\t\t\t<\/div>\n\t\t\t\t\t<\/div>\n\t\t<\/div>\n\t\t\t\t\t\t\t<\/div>\n\t\t<\/section>\n\t\t\t\t<section class=\"elementor-section elementor-top-section elementor-element elementor-element-07f0ff7 elementor-section-boxed elementor-section-height-default elementor-section-height-default\" data-id=\"07f0ff7\" data-element_type=\"section\">\n\t\t\t\t\t\t<div class=\"elementor-container elementor-column-gap-default\">\n\t\t\t\t\t<div class=\"elementor-column elementor-col-100 elementor-top-column elementor-element elementor-element-9bdee5a\" data-id=\"9bdee5a\" data-element_type=\"column\">\n\t\t\t<div class=\"elementor-widget-wrap elementor-element-populated\">\n\t\t\t\t\t\t\t\t<div class=\"elementor-element elementor-element-e0bd474 elementor-widget elementor-widget-text-editor\" data-id=\"e0bd474\" data-element_type=\"widget\" data-widget_type=\"text-editor.default\">\n\t\t\t\t<div class=\"elementor-widget-container\">\n\t\t\t<style>\/*! elementor - v3.7.4 - 31-08-2022 *\/\n.elementor-widget-text-editor.elementor-drop-cap-view-stacked .elementor-drop-cap{background-color:#818a91;color:#fff}.elementor-widget-text-editor.elementor-drop-cap-view-framed .elementor-drop-cap{color:#818a91;border:3px solid;background-color:transparent}.elementor-widget-text-editor:not(.elementor-drop-cap-view-default) .elementor-drop-cap{margin-top:8px}.elementor-widget-text-editor:not(.elementor-drop-cap-view-default) .elementor-drop-cap-letter{width:1em;height:1em}.elementor-widget-text-editor .elementor-drop-cap{float:left;text-align:center;line-height:1;font-size:50px}.elementor-widget-text-editor .elementor-drop-cap-letter{display:inline-block}<\/style>\t\t\t\t<p><span style=\"font-style: inherit; font-weight: inherit; background-color: var(--ast-global-color-5);\">Nadz\u00f3r BHP jest idealnym rozwi\u0105zaniem, je\u015bli nie chcesz zatrudnia\u0107 etatowego pracownika s\u0142u\u017cby BHP.\u00a0 Mo\u017cesz powierzy\u0107 zadania BHP zewn\u0119trznemu specjali\u015bcie i zleci\u0107 profesjonalny nadz\u00f3r BHP naszej firmie.<\/span><\/p><p><span style=\"background-color: var(--ast-global-color-5); font-style: inherit; font-weight: inherit;\">\u00a0<\/span><\/p><p><span style=\"background-color: var(--ast-global-color-5); font-style: inherit; font-weight: inherit;\">W ramach nadzoru BHP opr\u00f3cz kontroli warunk\u00f3w pracy oraz przestrzegania przepis\u00f3w i zasad BHP oferujemy r\u00f3wnie\u017c\u00a0 audyty, prowadzenie szkole\u0144, sporz\u0105dzanie analiz czy sporz\u0105dzanie Oceny Ryzyka Zawodowego. Nadz\u00f3r obejmuje wiele r\u00f3\u017cnych zada\u0144, dlatego bierze si\u0119 pod uwag\u0119 wiele czynnik\u00f3w, jak cho\u0107by bran\u017ce, w kt\u00f3rej dzia\u0142a zak\u0142ad, a tak\u017ce poszczeg\u00f3lne stanowiska pracy<\/span><\/p>\t\t\t\t\t\t<\/div>\n\t\t\t\t<\/div>\n\t\t\t\t\t<\/div>\n\t\t<\/div>\n\t\t\t\t\t\t\t<\/div>\n\t\t<\/section>\n\t\t\t\t<section class=\"elementor-section elementor-top-section elementor-element elementor-element-3695393 elementor-section-boxed elementor-section-height-default elementor-section-height-default\" data-id=\"3695393\" data-element_type=\"section\">\n\t\t\t\t\t\t<div class=\"elementor-container elementor-column-gap-default\">\n\t\t\t\t\t<div class=\"elementor-column elementor-col-33 elementor-top-column elementor-element elementor-element-2028b4e\" data-id=\"2028b4e\" data-element_type=\"column\">\n\t\t\t<div class=\"elementor-widget-wrap elementor-element-populated\">\n\t\t\t\t\t\t\t\t<div class=\"elementor-element elementor-element-808078b elementor-widget elementor-widget-image\" data-id=\"808078b\" data-element_type=\"widget\" data-widget_type=\"image.default\">\n\t\t\t\t<div class=\"elementor-widget-container\">\n\t\t\t<style>\/*! elementor - v3.7.4 - 31-08-2022 *\/\n.elementor-widget-image{text-align:center}.elementor-widget-image a{display:inline-block}.elementor-widget-image a img[src$=\".svg\"]{width:48px}.elementor-widget-image img{vertical-align:middle;display:inline-block}<\/style>\t\t\t\t\t\t\t\t\t\t\t\t<img decoding=\"async\" width=\"1024\" height=\"768\" src=\"https:\/\/esta-poznan.pl\/wp-content\/uploads\/2022\/09\/302165563_492744199332357_8067756350164676081_n-1024x768.jpg\" class=\"attachment-large size-large\" alt=\"Nadzory BHP\" srcset=\"https:\/\/esta-poznan.pl\/wp-content\/uploads\/2022\/09\/302165563_492744199332357_8067756350164676081_n-1024x768.jpg 1024w, https:\/\/esta-poznan.pl\/wp-content\/uploads\/2022\/09\/302165563_492744199332357_8067756350164676081_n-300x225.jpg 300w, https:\/\/esta-poznan.pl\/wp-content\/uploads\/2022\/09\/302165563_492744199332357_8067756350164676081_n-768x576.jpg 768w, https:\/\/esta-poznan.pl\/wp-content\/uploads\/2022\/09\/302165563_492744199332357_8067756350164676081_n.jpg 1080w\" sizes=\"(max-width: 1024px) 100vw, 1024px\" \/>\t\t\t\t\t\t\t\t\t\t\t\t\t\t\t<\/div>\n\t\t\t\t<\/div>\n\t\t\t\t\t<\/div>\n\t\t<\/div>\n\t\t\t\t<div class=\"elementor-column elementor-col-33 elementor-top-column elementor-element elementor-element-889cd2b\" data-id=\"889cd2b\" data-element_type=\"column\">\n\t\t\t<div class=\"elementor-widget-wrap elementor-element-populated\">\n\t\t\t\t\t\t\t\t<div class=\"elementor-element elementor-element-1af35c3 elementor-widget elementor-widget-image\" data-id=\"1af35c3\" data-element_type=\"widget\" data-widget_type=\"image.default\">\n\t\t\t\t<div class=\"elementor-widget-container\">\n\t\t\t\t\t\t\t\t\t\t\t\t\t\t\t<img decoding=\"async\" width=\"960\" height=\"720\" src=\"https:\/\/esta-poznan.pl\/wp-content\/uploads\/2022\/09\/302417251_5499634790119355_4646247593311718064_n.jpg\" class=\"attachment-large size-large\" alt=\"\" srcset=\"https:\/\/esta-poznan.pl\/wp-content\/uploads\/2022\/09\/302417251_5499634790119355_4646247593311718064_n.jpg 960w, https:\/\/esta-poznan.pl\/wp-content\/uploads\/2022\/09\/302417251_5499634790119355_4646247593311718064_n-300x225.jpg 300w, https:\/\/esta-poznan.pl\/wp-content\/uploads\/2022\/09\/302417251_5499634790119355_4646247593311718064_n-768x576.jpg 768w\" sizes=\"(max-width: 960px) 100vw, 960px\" \/>\t\t\t\t\t\t\t\t\t\t\t\t\t\t\t<\/div>\n\t\t\t\t<\/div>\n\t\t\t\t\t<\/div>\n\t\t<\/div>\n\t\t\t\t<div class=\"elementor-column elementor-col-33 elementor-top-column elementor-element elementor-element-98d1451\" data-id=\"98d1451\" data-element_type=\"column\">\n\t\t\t<div class=\"elementor-widget-wrap elementor-element-populated\">\n\t\t\t\t\t\t\t\t<div class=\"elementor-element elementor-element-42915ff elementor-widget elementor-widget-image\" data-id=\"42915ff\" data-element_type=\"widget\" data-widget_type=\"image.default\">\n\t\t\t\t<div class=\"elementor-widget-container\">\n\t\t\t\t\t\t\t\t\t\t\t\t\t\t\t<img decoding=\"async\" width=\"960\" height=\"720\" src=\"https:\/\/esta-poznan.pl\/wp-content\/uploads\/2022\/09\/302098124_594621915454858_4924804887769709878_n.jpg\" class=\"attachment-large size-large\" alt=\"\" srcset=\"https:\/\/esta-poznan.pl\/wp-content\/uploads\/2022\/09\/302098124_594621915454858_4924804887769709878_n.jpg 960w, https:\/\/esta-poznan.pl\/wp-content\/uploads\/2022\/09\/302098124_594621915454858_4924804887769709878_n-300x225.jpg 300w, https:\/\/esta-poznan.pl\/wp-content\/uploads\/2022\/09\/302098124_594621915454858_4924804887769709878_n-768x576.jpg 768w\" sizes=\"(max-width: 960px) 100vw, 960px\" \/>\t\t\t\t\t\t\t\t\t\t\t\t\t\t\t<\/div>\n\t\t\t\t<\/div>\n\t\t\t\t\t<\/div>\n\t\t<\/div>\n\t\t\t\t\t\t\t<\/div>\n\t\t<\/section>\n\t\t\t\t\t\t\t<\/div>\n\t\t","protected":false},"excerpt":{"rendered":"<p>Nadz\u00f3r BHP Nadz\u00f3r BHP jest idealnym rozwi\u0105zaniem, je\u015bli nie chcesz zatrudnia\u0107 etatowego pracownika s\u0142u\u017cby BHP.&nbsp; Mo\u017cesz powierzy\u0107 zadania BHP zewn\u0119trznemu specjali\u015bcie i zleci\u0107 profesjonalny nadz\u00f3r BHP naszej firmie. W ramach nadzoru BHP opr\u00f3cz kontroli warunk\u00f3w pracy oraz przestrzegania przepis\u00f3w i zasad BHP oferujemy r\u00f3wnie\u017c&nbsp; audyty, prowadzenie szkole\u0144, sporz\u0105dzanie analiz czy sporz\u0105dzanie Oceny Ryzyka Zawodowego. Nadz\u00f3r &hellip;<\/p>\n<p class=\"read-more\"> <a class=\"\" href=\"https:\/\/esta-poznan.pl\/index.php\/nadzor-bhp\/\"> <span class=\"screen-reader-text\">Nadz\u00f3r BHP<\/span> Read More &raquo;<\/a><\/p>\n","protected":false},"author":1,"featured_media":0,"parent":0,"menu_order":0,"comment_status":"closed","ping_status":"closed","template":"","meta":{"_monsterinsights_skip_tracking":false,"_monsterinsights_sitenote_active":false,"_monsterinsights_sitenote_note":"","_monsterinsights_sitenote_category":0,"site-sidebar-layout":"no-sidebar","site-content-layout":"page-builder","ast-global-header-display":"","ast-main-header-display":"","ast-hfb-above-header-display":"","ast-hfb-below-header-display":"","ast-hfb-mobile-header-display":"","site-post-title":"disabled","ast-breadcrumbs-content":"","ast-featured-img":"disabled","footer-sml-layout":"","theme-transparent-header-meta":"","adv-header-id-meta":"","stick-header-meta":"","header-above-stick-meta":"","header-main-stick-meta":"","header-below-stick-meta":"","footnotes":""},"yoast_head":"<!-- This site is optimized with the Yoast SEO plugin v19.7.2 - https:\/\/yoast.com\/wordpress\/plugins\/seo\/ -->\n<title>Nadz\u00f3r oraz audyt BHP i PPO\u017b. Pozna\u0144 i okolice<\/title>\n<meta name=\"description\" content=\"Nadz\u00f3r BHP | Profesjonalna dokumentacja BHP w firmie - realizacja wymaga\u0144 organ\u00f3w kontroli | Szkolenia BHP Pozna\u0144\" \/>\n<meta name=\"robots\" content=\"index, follow, max-snippet:-1, max-image-preview:large, max-video-preview:-1\" \/>\n<link rel=\"canonical\" href=\"https:\/\/esta-poznan.pl\/index.php\/nadzor-bhp\/\" \/>\n<meta property=\"og:locale\" content=\"en_US\" \/>\n<meta property=\"og:type\" content=\"article\" \/>\n<meta property=\"og:title\" content=\"Nadz\u00f3r oraz audyt BHP i PPO\u017b. Pozna\u0144 i okolice\" \/>\n<meta property=\"og:description\" content=\"Nadz\u00f3r BHP | Profesjonalna dokumentacja BHP w firmie - realizacja wymaga\u0144 organ\u00f3w kontroli | Szkolenia BHP Pozna\u0144\" \/>\n<meta property=\"og:url\" content=\"https:\/\/esta-poznan.pl\/index.php\/nadzor-bhp\/\" \/>\n<meta property=\"og:site_name\" content=\"ESTA - US\u0141UGI PPO\u017b i BHP Pozna\u0144 | Instrukcje bezpiecze\u0144stwa po\u017carowego | Szkolenia BHP Pozna\u0144 | Przegl\u0105dy ga\u015bnic\" \/>\n<meta property=\"article:publisher\" content=\"https:\/\/www.facebook.com\/EstaTomaszAjsztet\" \/>\n<meta property=\"article:modified_time\" content=\"2026-04-29T08:32:24+00:00\" \/>\n<meta property=\"og:image\" content=\"https:\/\/esta-poznan.pl\/wp-content\/uploads\/2022\/09\/302165563_492744199332357_8067756350164676081_n-1024x768.jpg\" \/>\n<meta name=\"twitter:card\" content=\"summary_large_image\" \/>\n<meta name=\"twitter:label1\" content=\"Est. reading time\" \/>\n\t<meta name=\"twitter:data1\" content=\"2 minutes\" \/>\n<script type=\"application\/ld+json\" class=\"yoast-schema-graph\">{\"@context\":\"https:\/\/schema.org\",\"@graph\":[{\"@type\":\"WebPage\",\"@id\":\"https:\/\/esta-poznan.pl\/index.php\/nadzor-bhp\/\",\"url\":\"https:\/\/esta-poznan.pl\/index.php\/nadzor-bhp\/\",\"name\":\"Nadz\u00f3r oraz audyt BHP i PPO\u017b. Pozna\u0144 i okolice\",\"isPartOf\":{\"@id\":\"https:\/\/esta-poznan.pl\/#website\"},\"datePublished\":\"2023-07-03T22:41:15+00:00\",\"dateModified\":\"2026-04-29T08:32:24+00:00\",\"description\":\"Nadz\u00f3r BHP | Profesjonalna dokumentacja BHP w firmie - realizacja wymaga\u0144 organ\u00f3w kontroli | Szkolenia BHP Pozna\u0144\",\"breadcrumb\":{\"@id\":\"https:\/\/esta-poznan.pl\/index.php\/nadzor-bhp\/#breadcrumb\"},\"inLanguage\":\"en-US\",\"potentialAction\":[{\"@type\":\"ReadAction\",\"target\":[\"https:\/\/esta-poznan.pl\/index.php\/nadzor-bhp\/\"]}]},{\"@type\":\"BreadcrumbList\",\"@id\":\"https:\/\/esta-poznan.pl\/index.php\/nadzor-bhp\/#breadcrumb\",\"itemListElement\":[{\"@type\":\"ListItem\",\"position\":1,\"name\":\"Home\",\"item\":\"https:\/\/esta-poznan.pl\/\"},{\"@type\":\"ListItem\",\"position\":2,\"name\":\"Nadz\u00f3r BHP\"}]},{\"@type\":\"WebSite\",\"@id\":\"https:\/\/esta-poznan.pl\/#website\",\"url\":\"https:\/\/esta-poznan.pl\/\",\"name\":\"ESTA - US\u0141UGI PPO\u017b i BHP Pozna\u0144 | Instrukcje bezpiecze\u0144stwa po\u017carowego | Szkolenia BHP Pozna\u0144 | Przegl\u0105dy ga\u015bnic\",\"description\":\"ESTA - US\u0141UGI PPO\u017b i BHP Pozna\u0144 | Instrukcje bezpiecze\u0144stwa po\u017carowego | Szkolenia BHP Pozna\u0144 | Przegl\u0105dy ga\u015bnic\",\"publisher\":{\"@id\":\"https:\/\/esta-poznan.pl\/#organization\"},\"potentialAction\":[{\"@type\":\"SearchAction\",\"target\":{\"@type\":\"EntryPoint\",\"urlTemplate\":\"https:\/\/esta-poznan.pl\/?s={search_term_string}\"},\"query-input\":\"required name=search_term_string\"}],\"inLanguage\":\"en-US\"},{\"@type\":\"Organization\",\"@id\":\"https:\/\/esta-poznan.pl\/#organization\",\"name\":\"ESTA - US\u0141UGI PPO\u017b i BHP Pozna\u0144 | Instrukcje bezpiecze\u0144stwa po\u017carowego | Szkolenia BHP Pozna\u0144 | Przegl\u0105dy ga\u015bnic\",\"url\":\"https:\/\/esta-poznan.pl\/\",\"sameAs\":[\"https:\/\/www.facebook.com\/EstaTomaszAjsztet\"],\"logo\":{\"@type\":\"ImageObject\",\"inLanguage\":\"en-US\",\"@id\":\"https:\/\/esta-poznan.pl\/#\/schema\/logo\/image\/\",\"url\":\"https:\/\/esta-poznan.pl\/wp-content\/uploads\/2022\/10\/logo-esta-e1665330918459.png\",\"contentUrl\":\"https:\/\/esta-poznan.pl\/wp-content\/uploads\/2022\/10\/logo-esta-e1665330918459.png\",\"width\":609,\"height\":139,\"caption\":\"ESTA - US\u0141UGI PPO\u017b i BHP Pozna\u0144 | Instrukcje bezpiecze\u0144stwa po\u017carowego | Szkolenia BHP Pozna\u0144 | Przegl\u0105dy ga\u015bnic\"},\"image\":{\"@id\":\"https:\/\/esta-poznan.pl\/#\/schema\/logo\/image\/\"}}]}<\/script>\n<!-- \/ Yoast SEO plugin. -->","yoast_head_json":{"title":"Nadz\u00f3r oraz audyt BHP i PPO\u017b. Pozna\u0144 i okolice","description":"Nadz\u00f3r BHP | Profesjonalna dokumentacja BHP w firmie - realizacja wymaga\u0144 organ\u00f3w kontroli | Szkolenia BHP Pozna\u0144","robots":{"index":"index","follow":"follow","max-snippet":"max-snippet:-1","max-image-preview":"max-image-preview:large","max-video-preview":"max-video-preview:-1"},"canonical":"https:\/\/esta-poznan.pl\/index.php\/nadzor-bhp\/","og_locale":"en_US","og_type":"article","og_title":"Nadz\u00f3r oraz audyt BHP i PPO\u017b. Pozna\u0144 i okolice","og_description":"Nadz\u00f3r BHP | Profesjonalna dokumentacja BHP w firmie - realizacja wymaga\u0144 organ\u00f3w kontroli | Szkolenia BHP Pozna\u0144","og_url":"https:\/\/esta-poznan.pl\/index.php\/nadzor-bhp\/","og_site_name":"ESTA - US\u0141UGI PPO\u017b i BHP Pozna\u0144 | Instrukcje bezpiecze\u0144stwa po\u017carowego | Szkolenia BHP Pozna\u0144 | Przegl\u0105dy ga\u015bnic","article_publisher":"https:\/\/www.facebook.com\/EstaTomaszAjsztet","article_modified_time":"2026-04-29T08:32:24+00:00","og_image":[{"url":"https:\/\/esta-poznan.pl\/wp-content\/uploads\/2022\/09\/302165563_492744199332357_8067756350164676081_n-1024x768.jpg"}],"twitter_card":"summary_large_image","twitter_misc":{"Est. reading time":"2 minutes"},"schema":{"@context":"https:\/\/schema.org","@graph":[{"@type":"WebPage","@id":"https:\/\/esta-poznan.pl\/index.php\/nadzor-bhp\/","url":"https:\/\/esta-poznan.pl\/index.php\/nadzor-bhp\/","name":"Nadz\u00f3r oraz audyt BHP i PPO\u017b. Pozna\u0144 i okolice","isPartOf":{"@id":"https:\/\/esta-poznan.pl\/#website"},"datePublished":"2023-07-03T22:41:15+00:00","dateModified":"2026-04-29T08:32:24+00:00","description":"Nadz\u00f3r BHP | Profesjonalna dokumentacja BHP w firmie - realizacja wymaga\u0144 organ\u00f3w kontroli | Szkolenia BHP Pozna\u0144","breadcrumb":{"@id":"https:\/\/esta-poznan.pl\/index.php\/nadzor-bhp\/#breadcrumb"},"inLanguage":"en-US","potentialAction":[{"@type":"ReadAction","target":["https:\/\/esta-poznan.pl\/index.php\/nadzor-bhp\/"]}]},{"@type":"BreadcrumbList","@id":"https:\/\/esta-poznan.pl\/index.php\/nadzor-bhp\/#breadcrumb","itemListElement":[{"@type":"ListItem","position":1,"name":"Home","item":"https:\/\/esta-poznan.pl\/"},{"@type":"ListItem","position":2,"name":"Nadz\u00f3r BHP"}]},{"@type":"WebSite","@id":"https:\/\/esta-poznan.pl\/#website","url":"https:\/\/esta-poznan.pl\/","name":"ESTA - US\u0141UGI PPO\u017b i BHP Pozna\u0144 | Instrukcje bezpiecze\u0144stwa po\u017carowego | Szkolenia BHP Pozna\u0144 | Przegl\u0105dy ga\u015bnic","description":"ESTA - US\u0141UGI PPO\u017b i BHP Pozna\u0144 | Instrukcje bezpiecze\u0144stwa po\u017carowego | Szkolenia BHP Pozna\u0144 | Przegl\u0105dy ga\u015bnic","publisher":{"@id":"https:\/\/esta-poznan.pl\/#organization"},"potentialAction":[{"@type":"SearchAction","target":{"@type":"EntryPoint","urlTemplate":"https:\/\/esta-poznan.pl\/?s={search_term_string}"},"query-input":"required name=search_term_string"}],"inLanguage":"en-US"},{"@type":"Organization","@id":"https:\/\/esta-poznan.pl\/#organization","name":"ESTA - US\u0141UGI PPO\u017b i BHP Pozna\u0144 | Instrukcje bezpiecze\u0144stwa po\u017carowego | Szkolenia BHP Pozna\u0144 | Przegl\u0105dy ga\u015bnic","url":"https:\/\/esta-poznan.pl\/","sameAs":["https:\/\/www.facebook.com\/EstaTomaszAjsztet"],"logo":{"@type":"ImageObject","inLanguage":"en-US","@id":"https:\/\/esta-poznan.pl\/#\/schema\/logo\/image\/","url":"https:\/\/esta-poznan.pl\/wp-content\/uploads\/2022\/10\/logo-esta-e1665330918459.png","contentUrl":"https:\/\/esta-poznan.pl\/wp-content\/uploads\/2022\/10\/logo-esta-e1665330918459.png","width":609,"height":139,"caption":"ESTA - US\u0141UGI PPO\u017b i BHP Pozna\u0144 | Instrukcje bezpiecze\u0144stwa po\u017carowego | Szkolenia BHP Pozna\u0144 | Przegl\u0105dy ga\u015bnic"},"image":{"@id":"https:\/\/esta-poznan.pl\/#\/schema\/logo\/image\/"}}]}},"_links":{"self":[{"href":"https:\/\/esta-poznan.pl\/index.php\/wp-json\/wp\/v2\/pages\/2080"}],"collection":[{"href":"https:\/\/esta-poznan.pl\/index.php\/wp-json\/wp\/v2\/pages"}],"about":[{"href":"https:\/\/esta-poznan.pl\/index.php\/wp-json\/wp\/v2\/types\/page"}],"author":[{"embeddable":true,"href":"https:\/\/esta-poznan.pl\/index.php\/wp-json\/wp\/v2\/users\/1"}],"replies":[{"embeddable":true,"href":"https:\/\/esta-poznan.pl\/index.php\/wp-json\/wp\/v2\/comments?post=2080"}],"version-history":[{"count":5,"href":"https:\/\/esta-poznan.pl\/index.php\/wp-json\/wp\/v2\/pages\/2080\/revisions"}],"predecessor-version":[{"id":2090,"href":"https:\/\/esta-poznan.pl\/index.php\/wp-json\/wp\/v2\/pages\/2080\/revisions\/2090"}],"wp:attachment":[{"href":"https:\/\/esta-poznan.pl\/index.php\/wp-json\/wp\/v2\/media?parent=2080"}],"curies":[{"name":"wp","href":"https:\/\/api.w.org\/{rel}","templated":true}]}}